{"id":58,"date":"2023-01-18T10:29:51","date_gmt":"2023-01-18T10:29:51","guid":{"rendered":"https:\/\/mobiililava.com\/?page_id=58"},"modified":"2025-10-14T14:51:03","modified_gmt":"2025-10-14T14:51:03","slug":"mobiililava","status":"publish","type":"page","link":"https:\/\/mobiililava.com\/","title":{"rendered":"Mobiililava"},"content":{"rendered":"\n<p class=\"\">Onko sinulla tapahtuma, johon haluaisit esiintymislavan? T\u00e4st\u00e4 eteenp\u00e4in homma hoituu helposti, nopeasti ja ennen kaikkea edullisesti!<\/p>\n\n\n\n<p class=\"\">Mobiililava muuntuu tarpeidesi mukaan, joten valitse vain sinulle sopiva lavan koko&nbsp;ja p\u00e4\u00e4semme yhdess\u00e4 tekem\u00e4\u00e4n tapahtumastasi unohtumattoman!<\/p>\n","protected":false},"excerpt":{"rendered":"<p>Onko sinulla tapahtuma, johon haluaisit esiintymislavan? T\u00e4st\u00e4 eteenp\u00e4in homma hoituu helposti, nopeasti ja ennen kaikkea edullisesti! Mobiililava muuntuu tarpeidesi mukaan, joten valitse vain sinulle sopiva lavan koko&nbsp;ja p\u00e4\u00e4semme yhdess\u00e4 tekem\u00e4\u00e4n tapahtumastasi unohtumattoman!<\/p>\n","protected":false},"author":1,"featured_media":0,"parent":0,"menu_order":0,"comment_status":"closed","ping_status":"closed","template":"","meta":{"footnotes":""},"class_list":["post-58","page","type-page","status-publish","hentry"],"yoast_head":"<!-- This site is optimized with the Yoast SEO plugin v27.4 - https:\/\/yoast.com\/product\/yoast-seo-wordpress\/ -->\n<title>Mobiililava.com<\/title>\n<meta name=\"description\" content=\"Mobiililava muuntuu tarpeidesi mukaan sopivaksi, joten valitse vain tapahtumaasi sopivan lavakoon ja me huolehdimme lopusta!\" \/>\n<meta name=\"robots\" content=\"index, follow, max-snippet:-1, max-image-preview:large, max-video-preview:-1\" \/>\n<link rel=\"canonical\" href=\"https:\/\/mobiililava.com\/\" \/>\n<meta property=\"og:locale\" content=\"fi_FI\" \/>\n<meta property=\"og:type\" content=\"article\" \/>\n<meta property=\"og:title\" content=\"Mobiililava.com\" \/>\n<meta property=\"og:description\" content=\"Mobiililava muuntuu tarpeidesi mukaan sopivaksi, joten valitse vain tapahtumaasi sopivan lavakoon ja me huolehdimme lopusta!\" \/>\n<meta property=\"og:url\" content=\"https:\/\/mobiililava.com\/\" \/>\n<meta property=\"og:site_name\" content=\"Mobiililava.com\" \/>\n<meta property=\"article:modified_time\" content=\"2025-10-14T14:51:03+00:00\" \/>\n<meta name=\"twitter:card\" content=\"summary_large_image\" \/>\n<meta name=\"twitter:label1\" content=\"Arvioitu lukuaika\" \/>\n\t<meta name=\"twitter:data1\" content=\"1 minuutti\" \/>\n<script type=\"application\/ld+json\" class=\"yoast-schema-graph\">{\"@context\":\"https:\\\/\\\/schema.org\",\"@graph\":[{\"@type\":\"WebPage\",\"@id\":\"https:\\\/\\\/mobiililava.com\\\/\",\"url\":\"https:\\\/\\\/mobiililava.com\\\/\",\"name\":\"Mobiililava.com\",\"isPartOf\":{\"@id\":\"https:\\\/\\\/mobiililava.com\\\/#website\"},\"datePublished\":\"2023-01-18T10:29:51+00:00\",\"dateModified\":\"2025-10-14T14:51:03+00:00\",\"description\":\"Mobiililava muuntuu tarpeidesi mukaan sopivaksi, joten valitse vain tapahtumaasi sopivan lavakoon ja me huolehdimme lopusta!\",\"breadcrumb\":{\"@id\":\"https:\\\/\\\/mobiililava.com\\\/#breadcrumb\"},\"inLanguage\":\"fi\",\"potentialAction\":[{\"@type\":\"ReadAction\",\"target\":[\"https:\\\/\\\/mobiililava.com\\\/\"]}]},{\"@type\":\"BreadcrumbList\",\"@id\":\"https:\\\/\\\/mobiililava.com\\\/#breadcrumb\",\"itemListElement\":[{\"@type\":\"ListItem\",\"position\":1,\"name\":\"Home\",\"item\":\"https:\\\/\\\/mobiililava.com\\\/\"},{\"@type\":\"ListItem\",\"position\":2,\"name\":\"Mobiililava\"}]},{\"@type\":\"WebSite\",\"@id\":\"https:\\\/\\\/mobiililava.com\\\/#website\",\"url\":\"https:\\\/\\\/mobiililava.com\\\/\",\"name\":\"Mobiililava.com\",\"description\":\"Esiintymislava tapahtumaasi helposti ja nopeasti\",\"publisher\":{\"@id\":\"https:\\\/\\\/mobiililava.com\\\/#organization\"},\"potentialAction\":[{\"@type\":\"SearchAction\",\"target\":{\"@type\":\"EntryPoint\",\"urlTemplate\":\"https:\\\/\\\/mobiililava.com\\\/?s={search_term_string}\"},\"query-input\":{\"@type\":\"PropertyValueSpecification\",\"valueRequired\":true,\"valueName\":\"search_term_string\"}}],\"inLanguage\":\"fi\"},{\"@type\":\"Organization\",\"@id\":\"https:\\\/\\\/mobiililava.com\\\/#organization\",\"name\":\"Mobiililava.com\",\"url\":\"https:\\\/\\\/mobiililava.com\\\/\",\"logo\":{\"@type\":\"ImageObject\",\"inLanguage\":\"fi\",\"@id\":\"https:\\\/\\\/mobiililava.com\\\/#\\\/schema\\\/logo\\\/image\\\/\",\"url\":\"https:\\\/\\\/mobiililava.com\\\/wp-content\\\/uploads\\\/2024\\\/09\\\/cropped-Mobiililava-Logo-taustalla.png\",\"contentUrl\":\"https:\\\/\\\/mobiililava.com\\\/wp-content\\\/uploads\\\/2024\\\/09\\\/cropped-Mobiililava-Logo-taustalla.png\",\"width\":425,\"height\":250,\"caption\":\" Mobiililava.com\"},\"image\":{\"@id\":\"https:\\\/\\\/mobiililava.com\\\/#\\\/schema\\\/logo\\\/image\\\/\"}}]}<\/script>\n<!-- \/ Yoast SEO plugin. -->","yoast_head_json":{"title":"Mobiililava.com","description":"Mobiililava muuntuu tarpeidesi mukaan sopivaksi, joten valitse vain tapahtumaasi sopivan lavakoon ja me huolehdimme lopusta!","robots":{"index":"index","follow":"follow","max-snippet":"max-snippet:-1","max-image-preview":"max-image-preview:large","max-video-preview":"max-video-preview:-1"},"canonical":"https:\/\/mobiililava.com\/","og_locale":"fi_FI","og_type":"article","og_title":"Mobiililava.com","og_description":"Mobiililava muuntuu tarpeidesi mukaan sopivaksi, joten valitse vain tapahtumaasi sopivan lavakoon ja me huolehdimme lopusta!","og_url":"https:\/\/mobiililava.com\/","og_site_name":"Mobiililava.com","article_modified_time":"2025-10-14T14:51:03+00:00","twitter_card":"summary_large_image","twitter_misc":{"Arvioitu lukuaika":"1 minuutti"},"schema":{"@context":"https:\/\/schema.org","@graph":[{"@type":"WebPage","@id":"https:\/\/mobiililava.com\/","url":"https:\/\/mobiililava.com\/","name":"Mobiililava.com","isPartOf":{"@id":"https:\/\/mobiililava.com\/#website"},"datePublished":"2023-01-18T10:29:51+00:00","dateModified":"2025-10-14T14:51:03+00:00","description":"Mobiililava muuntuu tarpeidesi mukaan sopivaksi, joten valitse vain tapahtumaasi sopivan lavakoon ja me huolehdimme lopusta!","breadcrumb":{"@id":"https:\/\/mobiililava.com\/#breadcrumb"},"inLanguage":"fi","potentialAction":[{"@type":"ReadAction","target":["https:\/\/mobiililava.com\/"]}]},{"@type":"BreadcrumbList","@id":"https:\/\/mobiililava.com\/#breadcrumb","itemListElement":[{"@type":"ListItem","position":1,"name":"Home","item":"https:\/\/mobiililava.com\/"},{"@type":"ListItem","position":2,"name":"Mobiililava"}]},{"@type":"WebSite","@id":"https:\/\/mobiililava.com\/#website","url":"https:\/\/mobiililava.com\/","name":"Mobiililava.com","description":"Esiintymislava tapahtumaasi helposti ja nopeasti","publisher":{"@id":"https:\/\/mobiililava.com\/#organization"},"potentialAction":[{"@type":"SearchAction","target":{"@type":"EntryPoint","urlTemplate":"https:\/\/mobiililava.com\/?s={search_term_string}"},"query-input":{"@type":"PropertyValueSpecification","valueRequired":true,"valueName":"search_term_string"}}],"inLanguage":"fi"},{"@type":"Organization","@id":"https:\/\/mobiililava.com\/#organization","name":"Mobiililava.com","url":"https:\/\/mobiililava.com\/","logo":{"@type":"ImageObject","inLanguage":"fi","@id":"https:\/\/mobiililava.com\/#\/schema\/logo\/image\/","url":"https:\/\/mobiililava.com\/wp-content\/uploads\/2024\/09\/cropped-Mobiililava-Logo-taustalla.png","contentUrl":"https:\/\/mobiililava.com\/wp-content\/uploads\/2024\/09\/cropped-Mobiililava-Logo-taustalla.png","width":425,"height":250,"caption":" Mobiililava.com"},"image":{"@id":"https:\/\/mobiililava.com\/#\/schema\/logo\/image\/"}}]}},"_links":{"self":[{"href":"https:\/\/mobiililava.com\/index.php?rest_route=\/wp\/v2\/pages\/58","targetHints":{"allow":["GET"]}}],"collection":[{"href":"https:\/\/mobiililava.com\/index.php?rest_route=\/wp\/v2\/pages"}],"about":[{"href":"https:\/\/mobiililava.com\/index.php?rest_route=\/wp\/v2\/types\/page"}],"author":[{"embeddable":true,"href":"https:\/\/mobiililava.com\/index.php?rest_route=\/wp\/v2\/users\/1"}],"replies":[{"embeddable":true,"href":"https:\/\/mobiililava.com\/index.php?rest_route=%2Fwp%2Fv2%2Fcomments&post=58"}],"version-history":[{"count":5,"href":"https:\/\/mobiililava.com\/index.php?rest_route=\/wp\/v2\/pages\/58\/revisions"}],"predecessor-version":[{"id":188,"href":"https:\/\/mobiililava.com\/index.php?rest_route=\/wp\/v2\/pages\/58\/revisions\/188"}],"wp:attachment":[{"href":"https:\/\/mobiililava.com\/index.php?rest_route=%2Fwp%2Fv2%2Fmedia&parent=58"}],"curies":[{"name":"wp","href":"https:\/\/api.w.org\/{rel}","templated":true}]}}