{"id":60,"date":"2023-01-18T10:46:36","date_gmt":"2023-01-18T10:46:36","guid":{"rendered":"https:\/\/mobiililava.com\/?page_id=60"},"modified":"2023-01-18T13:02:37","modified_gmt":"2023-01-18T13:02:37","slug":"ota-yhteytta","status":"publish","type":"page","link":"https:\/\/mobiililava.com\/?page_id=60","title":{"rendered":"Tehd\u00e4\u00e4n yhdess\u00e4 tapahtumastasi ikimuistoinen. Ota yhteytt\u00e4!"},"content":{"rendered":"\n<p><\/p>\n\n\n\n<p><\/p>\n","protected":false},"excerpt":{"rendered":"","protected":false},"author":1,"featured_media":82,"parent":58,"menu_order":0,"comment_status":"closed","ping_status":"closed","template":"","meta":{"footnotes":""},"class_list":["post-60","page","type-page","status-publish","has-post-thumbnail","hentry"],"yoast_head":"<!-- This site is optimized with the Yoast SEO plugin v27.4 - https:\/\/yoast.com\/product\/yoast-seo-wordpress\/ -->\n<title>Mobiililava.com - Tehd\u00e4\u00e4n yhdess\u00e4 tapahtumastasi ikimuistoinen. Ota yhteytt\u00e4!<\/title>\n<meta name=\"description\" content=\"Mobiililava muuntuu tarpeidesi mukaan sopivaksi, joten valitse vain tapahtumaasi sopivan lavakoon ja me huolehdimme lopusta!\" \/>\n<meta name=\"robots\" content=\"index, follow, max-snippet:-1, max-image-preview:large, max-video-preview:-1\" \/>\n<link rel=\"canonical\" href=\"https:\/\/mobiililava.com\/?page_id=60\" \/>\n<meta property=\"og:locale\" content=\"fi_FI\" \/>\n<meta property=\"og:type\" content=\"article\" \/>\n<meta property=\"og:title\" content=\"Mobiililava.com - Tehd\u00e4\u00e4n yhdess\u00e4 tapahtumastasi ikimuistoinen. Ota yhteytt\u00e4!\" \/>\n<meta property=\"og:description\" content=\"Mobiililava muuntuu tarpeidesi mukaan sopivaksi, joten valitse vain tapahtumaasi sopivan lavakoon ja me huolehdimme lopusta!\" \/>\n<meta property=\"og:url\" content=\"https:\/\/mobiililava.com\/?page_id=60\" \/>\n<meta property=\"og:site_name\" content=\"Mobiililava.com\" \/>\n<meta property=\"article:modified_time\" content=\"2023-01-18T13:02:37+00:00\" \/>\n<meta property=\"og:image\" content=\"https:\/\/mobiililava.com\/wp-content\/uploads\/2023\/01\/Header-korjattu-rajaus.jpg\" \/>\n\t<meta property=\"og:image:width\" content=\"2000\" \/>\n\t<meta property=\"og:image:height\" content=\"1162\" \/>\n\t<meta property=\"og:image:type\" content=\"image\/jpeg\" \/>\n<meta name=\"twitter:card\" content=\"summary_large_image\" \/>\n<script type=\"application\/ld+json\" class=\"yoast-schema-graph\">{\"@context\":\"https:\\\/\\\/schema.org\",\"@graph\":[{\"@type\":\"WebPage\",\"@id\":\"https:\\\/\\\/mobiililava.com\\\/?page_id=60\",\"url\":\"https:\\\/\\\/mobiililava.com\\\/?page_id=60\",\"name\":\"Mobiililava.com - Tehd\u00e4\u00e4n yhdess\u00e4 tapahtumastasi ikimuistoinen. Ota yhteytt\u00e4!\",\"isPartOf\":{\"@id\":\"https:\\\/\\\/mobiililava.com\\\/#website\"},\"primaryImageOfPage\":{\"@id\":\"https:\\\/\\\/mobiililava.com\\\/?page_id=60#primaryimage\"},\"image\":{\"@id\":\"https:\\\/\\\/mobiililava.com\\\/?page_id=60#primaryimage\"},\"thumbnailUrl\":\"https:\\\/\\\/mobiililava.com\\\/wp-content\\\/uploads\\\/2023\\\/01\\\/Header-korjattu-rajaus.jpg\",\"datePublished\":\"2023-01-18T10:46:36+00:00\",\"dateModified\":\"2023-01-18T13:02:37+00:00\",\"description\":\"Mobiililava muuntuu tarpeidesi mukaan sopivaksi, joten valitse vain tapahtumaasi sopivan lavakoon ja me huolehdimme lopusta!\",\"breadcrumb\":{\"@id\":\"https:\\\/\\\/mobiililava.com\\\/?page_id=60#breadcrumb\"},\"inLanguage\":\"fi\",\"potentialAction\":[{\"@type\":\"ReadAction\",\"target\":[\"https:\\\/\\\/mobiililava.com\\\/?page_id=60\"]}]},{\"@type\":\"ImageObject\",\"inLanguage\":\"fi\",\"@id\":\"https:\\\/\\\/mobiililava.com\\\/?page_id=60#primaryimage\",\"url\":\"https:\\\/\\\/mobiililava.com\\\/wp-content\\\/uploads\\\/2023\\\/01\\\/Header-korjattu-rajaus.jpg\",\"contentUrl\":\"https:\\\/\\\/mobiililava.com\\\/wp-content\\\/uploads\\\/2023\\\/01\\\/Header-korjattu-rajaus.jpg\",\"width\":2000,\"height\":1162,\"caption\":\"Mobiililava\"},{\"@type\":\"BreadcrumbList\",\"@id\":\"https:\\\/\\\/mobiililava.com\\\/?page_id=60#breadcrumb\",\"itemListElement\":[{\"@type\":\"ListItem\",\"position\":1,\"name\":\"Home\",\"item\":\"https:\\\/\\\/mobiililava.com\\\/\"},{\"@type\":\"ListItem\",\"position\":2,\"name\":\"Mobiililava\",\"item\":\"https:\\\/\\\/mobiililava.com\\\/\"},{\"@type\":\"ListItem\",\"position\":3,\"name\":\"Tehd\u00e4\u00e4n yhdess\u00e4 tapahtumastasi ikimuistoinen. Ota yhteytt\u00e4!\"}]},{\"@type\":\"WebSite\",\"@id\":\"https:\\\/\\\/mobiililava.com\\\/#website\",\"url\":\"https:\\\/\\\/mobiililava.com\\\/\",\"name\":\"Mobiililava.com\",\"description\":\"Esiintymislava tapahtumaasi helposti ja nopeasti\",\"publisher\":{\"@id\":\"https:\\\/\\\/mobiililava.com\\\/#organization\"},\"potentialAction\":[{\"@type\":\"SearchAction\",\"target\":{\"@type\":\"EntryPoint\",\"urlTemplate\":\"https:\\\/\\\/mobiililava.com\\\/?s={search_term_string}\"},\"query-input\":{\"@type\":\"PropertyValueSpecification\",\"valueRequired\":true,\"valueName\":\"search_term_string\"}}],\"inLanguage\":\"fi\"},{\"@type\":\"Organization\",\"@id\":\"https:\\\/\\\/mobiililava.com\\\/#organization\",\"name\":\"Mobiililava.com\",\"url\":\"https:\\\/\\\/mobiililava.com\\\/\",\"logo\":{\"@type\":\"ImageObject\",\"inLanguage\":\"fi\",\"@id\":\"https:\\\/\\\/mobiililava.com\\\/#\\\/schema\\\/logo\\\/image\\\/\",\"url\":\"https:\\\/\\\/mobiililava.com\\\/wp-content\\\/uploads\\\/2024\\\/09\\\/cropped-Mobiililava-Logo-taustalla.png\",\"contentUrl\":\"https:\\\/\\\/mobiililava.com\\\/wp-content\\\/uploads\\\/2024\\\/09\\\/cropped-Mobiililava-Logo-taustalla.png\",\"width\":425,\"height\":250,\"caption\":\" Mobiililava.com\"},\"image\":{\"@id\":\"https:\\\/\\\/mobiililava.com\\\/#\\\/schema\\\/logo\\\/image\\\/\"}}]}<\/script>\n<!-- \/ Yoast SEO plugin. -->","yoast_head_json":{"title":"Mobiililava.com - Tehd\u00e4\u00e4n yhdess\u00e4 tapahtumastasi ikimuistoinen. Ota yhteytt\u00e4!","description":"Mobiililava muuntuu tarpeidesi mukaan sopivaksi, joten valitse vain tapahtumaasi sopivan lavakoon ja me huolehdimme lopusta!","robots":{"index":"index","follow":"follow","max-snippet":"max-snippet:-1","max-image-preview":"max-image-preview:large","max-video-preview":"max-video-preview:-1"},"canonical":"https:\/\/mobiililava.com\/?page_id=60","og_locale":"fi_FI","og_type":"article","og_title":"Mobiililava.com - Tehd\u00e4\u00e4n yhdess\u00e4 tapahtumastasi ikimuistoinen. Ota yhteytt\u00e4!","og_description":"Mobiililava muuntuu tarpeidesi mukaan sopivaksi, joten valitse vain tapahtumaasi sopivan lavakoon ja me huolehdimme lopusta!","og_url":"https:\/\/mobiililava.com\/?page_id=60","og_site_name":"Mobiililava.com","article_modified_time":"2023-01-18T13:02:37+00:00","og_image":[{"width":2000,"height":1162,"url":"https:\/\/mobiililava.com\/wp-content\/uploads\/2023\/01\/Header-korjattu-rajaus.jpg","type":"image\/jpeg"}],"twitter_card":"summary_large_image","schema":{"@context":"https:\/\/schema.org","@graph":[{"@type":"WebPage","@id":"https:\/\/mobiililava.com\/?page_id=60","url":"https:\/\/mobiililava.com\/?page_id=60","name":"Mobiililava.com - Tehd\u00e4\u00e4n yhdess\u00e4 tapahtumastasi ikimuistoinen. Ota yhteytt\u00e4!","isPartOf":{"@id":"https:\/\/mobiililava.com\/#website"},"primaryImageOfPage":{"@id":"https:\/\/mobiililava.com\/?page_id=60#primaryimage"},"image":{"@id":"https:\/\/mobiililava.com\/?page_id=60#primaryimage"},"thumbnailUrl":"https:\/\/mobiililava.com\/wp-content\/uploads\/2023\/01\/Header-korjattu-rajaus.jpg","datePublished":"2023-01-18T10:46:36+00:00","dateModified":"2023-01-18T13:02:37+00:00","description":"Mobiililava muuntuu tarpeidesi mukaan sopivaksi, joten valitse vain tapahtumaasi sopivan lavakoon ja me huolehdimme lopusta!","breadcrumb":{"@id":"https:\/\/mobiililava.com\/?page_id=60#breadcrumb"},"inLanguage":"fi","potentialAction":[{"@type":"ReadAction","target":["https:\/\/mobiililava.com\/?page_id=60"]}]},{"@type":"ImageObject","inLanguage":"fi","@id":"https:\/\/mobiililava.com\/?page_id=60#primaryimage","url":"https:\/\/mobiililava.com\/wp-content\/uploads\/2023\/01\/Header-korjattu-rajaus.jpg","contentUrl":"https:\/\/mobiililava.com\/wp-content\/uploads\/2023\/01\/Header-korjattu-rajaus.jpg","width":2000,"height":1162,"caption":"Mobiililava"},{"@type":"BreadcrumbList","@id":"https:\/\/mobiililava.com\/?page_id=60#breadcrumb","itemListElement":[{"@type":"ListItem","position":1,"name":"Home","item":"https:\/\/mobiililava.com\/"},{"@type":"ListItem","position":2,"name":"Mobiililava","item":"https:\/\/mobiililava.com\/"},{"@type":"ListItem","position":3,"name":"Tehd\u00e4\u00e4n yhdess\u00e4 tapahtumastasi ikimuistoinen. Ota yhteytt\u00e4!"}]},{"@type":"WebSite","@id":"https:\/\/mobiililava.com\/#website","url":"https:\/\/mobiililava.com\/","name":"Mobiililava.com","description":"Esiintymislava tapahtumaasi helposti ja nopeasti","publisher":{"@id":"https:\/\/mobiililava.com\/#organization"},"potentialAction":[{"@type":"SearchAction","target":{"@type":"EntryPoint","urlTemplate":"https:\/\/mobiililava.com\/?s={search_term_string}"},"query-input":{"@type":"PropertyValueSpecification","valueRequired":true,"valueName":"search_term_string"}}],"inLanguage":"fi"},{"@type":"Organization","@id":"https:\/\/mobiililava.com\/#organization","name":"Mobiililava.com","url":"https:\/\/mobiililava.com\/","logo":{"@type":"ImageObject","inLanguage":"fi","@id":"https:\/\/mobiililava.com\/#\/schema\/logo\/image\/","url":"https:\/\/mobiililava.com\/wp-content\/uploads\/2024\/09\/cropped-Mobiililava-Logo-taustalla.png","contentUrl":"https:\/\/mobiililava.com\/wp-content\/uploads\/2024\/09\/cropped-Mobiililava-Logo-taustalla.png","width":425,"height":250,"caption":" Mobiililava.com"},"image":{"@id":"https:\/\/mobiililava.com\/#\/schema\/logo\/image\/"}}]}},"_links":{"self":[{"href":"https:\/\/mobiililava.com\/index.php?rest_route=\/wp\/v2\/pages\/60","targetHints":{"allow":["GET"]}}],"collection":[{"href":"https:\/\/mobiililava.com\/index.php?rest_route=\/wp\/v2\/pages"}],"about":[{"href":"https:\/\/mobiililava.com\/index.php?rest_route=\/wp\/v2\/types\/page"}],"author":[{"embeddable":true,"href":"https:\/\/mobiililava.com\/index.php?rest_route=\/wp\/v2\/users\/1"}],"replies":[{"embeddable":true,"href":"https:\/\/mobiililava.com\/index.php?rest_route=%2Fwp%2Fv2%2Fcomments&post=60"}],"version-history":[{"count":5,"href":"https:\/\/mobiililava.com\/index.php?rest_route=\/wp\/v2\/pages\/60\/revisions"}],"predecessor-version":[{"id":133,"href":"https:\/\/mobiililava.com\/index.php?rest_route=\/wp\/v2\/pages\/60\/revisions\/133"}],"up":[{"embeddable":true,"href":"https:\/\/mobiililava.com\/index.php?rest_route=\/wp\/v2\/pages\/58"}],"wp:featuredmedia":[{"embeddable":true,"href":"https:\/\/mobiililava.com\/index.php?rest_route=\/wp\/v2\/media\/82"}],"wp:attachment":[{"href":"https:\/\/mobiililava.com\/index.php?rest_route=%2Fwp%2Fv2%2Fmedia&parent=60"}],"curies":[{"name":"wp","href":"https:\/\/api.w.org\/{rel}","templated":true}]}}